{"id":2,"date":"2014-02-02T18:45:33","date_gmt":"2014-02-02T18:45:33","guid":{"rendered":"http:\/\/family-freund.de\/?page_id=2"},"modified":"2014-02-02T19:31:24","modified_gmt":"2014-02-02T19:31:24","slug":"startseite","status":"publish","type":"page","link":"http:\/\/family-freund.de\/","title":{"rendered":"Willkommen &#8230;"},"content":{"rendered":"<p>&#8230; auf der Internet Pr\u00e4senz der Familie Freund. Wir freuen uns Dich hier begr\u00fc\u00dfen zu d\u00fcrfen und freuen uns \u00fcber eine rege Teilnahme an diesem Projekt.<\/p>\n<p>Dieser Internetauftritt ist unter st\u00e4ndiger Bearbeitung und wird vorraussichtlich nie vollendet sein. Doch so ist das ja bei einem Blog gedacht &#8211; oder nicht?!<\/p>\n<p style=\"text-align: center;\">Also habt Spa\u00df und:<br \/>\n<em>Immer kr\u00e4ftig mitmischen!<br \/>\n<\/em><\/p>\n","protected":false},"excerpt":{"rendered":"<p>&#8230; auf der Internet Pr\u00e4senz der Familie Freund. Wir freuen uns Dich hier begr\u00fc\u00dfen zu d\u00fcrfen und freuen uns \u00fcber eine rege Teilnahme an diesem Projekt. Dieser Internetauftritt ist unter st\u00e4ndiger Bearbeitung und wird vorraussichtlich nie vollendet sein. Doch so &hellip; <a href=\"http:\/\/family-freund.de\/\">Weiterlesen <span class=\"meta-nav\">&rarr;<\/span><\/a><\/p>\n","protected":false},"author":1,"featured_media":0,"parent":0,"menu_order":0,"comment_status":"closed","ping_status":"closed","template":"onecolumn-page.php","meta":{"footnotes":""},"class_list":["post-2","page","type-page","status-publish","hentry"],"_links":{"self":[{"href":"http:\/\/family-freund.de\/index.php?rest_route=\/wp\/v2\/pages\/2","targetHints":{"allow":["GET"]}}],"collection":[{"href":"http:\/\/family-freund.de\/index.php?rest_route=\/wp\/v2\/pages"}],"about":[{"href":"http:\/\/family-freund.de\/index.php?rest_route=\/wp\/v2\/types\/page"}],"author":[{"embeddable":true,"href":"http:\/\/family-freund.de\/index.php?rest_route=\/wp\/v2\/users\/1"}],"replies":[{"embeddable":true,"href":"http:\/\/family-freund.de\/index.php?rest_route=%2Fwp%2Fv2%2Fcomments&post=2"}],"version-history":[{"count":4,"href":"http:\/\/family-freund.de\/index.php?rest_route=\/wp\/v2\/pages\/2\/revisions"}],"predecessor-version":[{"id":14,"href":"http:\/\/family-freund.de\/index.php?rest_route=\/wp\/v2\/pages\/2\/revisions\/14"}],"wp:attachment":[{"href":"http:\/\/family-freund.de\/index.php?rest_route=%2Fwp%2Fv2%2Fmedia&parent=2"}],"curies":[{"name":"wp","href":"https:\/\/api.w.org\/{rel}","templated":true}]}}